{"id":34,"date":"2005-06-05T00:58:31","date_gmt":"2005-06-04T21:58:31","guid":{"rendered":"http:\/\/mad.lt\/cosmos\/?page_id=34"},"modified":"2005-06-07T10:48:29","modified_gmt":"2005-06-07T07:48:29","slug":"branduolin%c4%97-tragedija-misija-kartingai","status":"publish","type":"page","link":"http:\/\/mad.lt\/cosmos\/?page_id=34","title":{"rendered":"Branduolin\u0117 tragedija (misija kartingai)"},"content":{"rendered":"<p>\u0160iandien kosmonautai vykd\u0117 labai pavojing\u0105 misij\u0105 va\u017ein\u0117dami kartais branduolinio pavojaus zonoje.<\/p>\n<p>Pirmiausia reikia atlikti ap\u0161ilimo program\u0105. Misijos kandidatas&nbsp;<strong>Jurgen Jurgen<\/strong> demonstruoja praaatim\u0105 kreg\u017edut\u0117.<\/p>\n<p><img loading=\"lazy\" title=\"kart_jurgen_jurgen.jpg\" style=\"width: 450px; height: 600px\" height=\"600\" alt=\"kart_jurgen_jurgen.jpg\" hspace=\"5\" src=\"http:\/\/mad.lt\/cosmos\/wp-content\/images\/kart_jurgen_jurgen.jpg\" width=\"450\" border=\"0\" \/><\/p>\n<p>Kosmonautas <strong>Bielka<\/strong> atlieka i\u0161 <strong>Verterio<\/strong> i\u0161mokt\u0105 judes\u012f.<\/p>\n<p><img loading=\"lazy\" title=\"kart_bielka.jpg\" style=\"width: 450px; height: 600px\" height=\"600\" alt=\"kart_bielka.jpg\" hspace=\"5\" src=\"http:\/\/mad.lt\/cosmos\/wp-content\/images\/kart_bielka.jpg\" width=\"450\" border=\"0\" \/><\/p>\n<p><strong>Gagarinas<\/strong> daro ap\u0161ilim\u0105 akims<\/p>\n<p><img loading=\"lazy\" title=\"kart_gagarinas.jpg\" style=\"width: 600px; height: 450px\" height=\"450\" alt=\"kart_gagarinas.jpg\" hspace=\"5\" src=\"http:\/\/mad.lt\/cosmos\/wp-content\/images\/kart_gagarinas.jpg\" width=\"600\" border=\"0\" \/>f<\/p>\n<p>Toliau seka du praaatimai l\u016bpoms&nbsp;&#8211; \u0161ypsena&nbsp;(atlieka <strong>Strielka<\/strong>)&#8230; <\/p>\n<p><img loading=\"lazy\" title=\"kart_strielka.jpg\" style=\"width: 600px; height: 450px\" height=\"450\" alt=\"kart_strielka.jpg\" hspace=\"5\" src=\"http:\/\/mad.lt\/cosmos\/wp-content\/images\/kart_strielka.jpg\" width=\"600\" border=\"0\" \/><\/p>\n<p>&#8230;ir susiraukimasir (atlieka <strong>Fizrukas<\/strong>)<\/p>\n<p><img loading=\"lazy\" title=\"kart_fizrukas.jpg\" style=\"width: 600px; height: 450px\" height=\"450\" alt=\"kart_fizrukas.jpg\" hspace=\"5\" src=\"http:\/\/mad.lt\/cosmos\/wp-content\/images\/kart_fizrukas.jpg\" width=\"600\" border=\"0\" \/><\/p>\n<p>O <strong>Kamanan\u0117 Samanait\u0117<\/strong> tiesiog \u0161ypsojosi ir joki\u0173 nesamoni\u0173 nedar\u0117<\/p>\n<p><img loading=\"lazy\" title=\"kart_kamane.jpg\" style=\"width: 450px; height: 600px\" height=\"600\" alt=\"kart_kamane.jpg\" hspace=\"5\" src=\"http:\/\/mad.lt\/cosmos\/wp-content\/images\/kart_kamane.jpg\" width=\"450\" border=\"0\" \/><\/p>\n<p>Paskui mes va\u017ein\u0117jom kartais, bet tai nebuvo esminis misijos momentas. <\/p>\n<p>Svarbiausia, kad mes eilin\u012f kart\u0105 i\u0161gelb\u0117jom pasaul\u012f nuo branduolin\u0117s katastrofos.<\/p>\n<p>NUGAL\u0116JO DRAUGYST\u0116 !!!!!!!!!!!!!!!!!!!!<\/p>\n<p><img loading=\"lazy\" title=\"kart_visi_kosmonautai_1.jpg\" style=\"width: 600px; height: 450px\" height=\"450\" alt=\"kart_visi_kosmonautai_1.jpg\" hspace=\"5\" src=\"http:\/\/mad.lt\/cosmos\/wp-content\/images\/kart_visi_kosmonautai_1.jpg\" width=\"600\" border=\"0\" \/><\/p>\n<p>Nu ir pabaigai atiduodam pagarb\u0105 H.C.Bresson&#8217;ui &#8211; \u0161tai pra\u0161om decisive moment&#8230;<\/p>\n<p><img loading=\"lazy\" title=\"kart_decisive_moment.jpg\" style=\"width: 450px; height: 612px\" height=\"612\" alt=\"kart_decisive_moment.jpg\" hspace=\"5\" src=\"http:\/\/mad.lt\/cosmos\/wp-content\/images\/kart_decisive_moment.jpg\" width=\"450\" border=\"0\" \/><\/p>\n","protected":false},"excerpt":{"rendered":"<p>\u0160iandien kosmonautai vykd\u0117 labai pavojing\u0105 misij\u0105 va\u017ein\u0117dami kartais branduolinio pavojaus zonoje. Pirmiausia reikia atlikti ap\u0161ilimo program\u0105. Misijos kandidatas&nbsp;Jurgen Jurgen demonstruoja praaatim\u0105 kreg\u017edut\u0117. Kosmonautas Bielka atlieka i\u0161 Verterio i\u0161mokt\u0105 judes\u012f. Gagarinas daro ap\u0161ilim\u0105 akims f Toliau seka du praaatimai l\u016bpoms&nbsp;&#8211; \u0161ypsena&nbsp;(atlieka Strielka)&#8230; &#8230;ir susiraukimasir (atlieka Fizrukas) O Kamanan\u0117 Samanait\u0117 tiesiog \u0161ypsojosi ir joki\u0173 nesamoni\u0173 nedar\u0117 Paskui [&hellip;]<\/p>\n","protected":false},"author":6,"featured_media":0,"parent":0,"menu_order":0,"comment_status":"open","ping_status":"closed","template":"","meta":[],"_links":{"self":[{"href":"http:\/\/mad.lt\/cosmos\/index.php?rest_route=\/wp\/v2\/pages\/34"}],"collection":[{"href":"http:\/\/mad.lt\/cosmos\/index.php?rest_route=\/wp\/v2\/pages"}],"about":[{"href":"http:\/\/mad.lt\/cosmos\/index.php?rest_route=\/wp\/v2\/types\/page"}],"author":[{"embeddable":true,"href":"http:\/\/mad.lt\/cosmos\/index.php?rest_route=\/wp\/v2\/users\/6"}],"replies":[{"embeddable":true,"href":"http:\/\/mad.lt\/cosmos\/index.php?rest_route=%2Fwp%2Fv2%2Fcomments&post=34"}],"version-history":[{"count":0,"href":"http:\/\/mad.lt\/cosmos\/index.php?rest_route=\/wp\/v2\/pages\/34\/revisions"}],"wp:attachment":[{"href":"http:\/\/mad.lt\/cosmos\/index.php?rest_route=%2Fwp%2Fv2%2Fmedia&parent=34"}],"curies":[{"name":"wp","href":"https:\/\/api.w.org\/{rel}","templated":true}]}}