{"id":37,"date":"2005-06-07T10:34:11","date_gmt":"2005-06-07T07:34:11","guid":{"rendered":"http:\/\/mad.lt\/cosmos\/?page_id=37"},"modified":"2005-08-27T20:40:07","modified_gmt":"2005-08-27T17:40:07","slug":"k%c5%abno-pratimai","status":"publish","type":"page","link":"http:\/\/mad.lt\/cosmos\/?page_id=37","title":{"rendered":"K\u016bno pratimai"},"content":{"rendered":"<p>Bielka pasi\u016bl\u0117 nauj\u0105 pratim\u0105 &quot;hrn hrn&quot;, kur\u012f&nbsp;buvo&nbsp;mat\u0119s ekrane<\/p>\n<p><img loading=\"lazy\" title=\"moto_prat_eina.jpg\" style=\"width: 400px; height: 265px\" height=\"265\" alt=\"moto_prat_eina.jpg\" hspace=\"5\" src=\"http:\/\/mad.lt\/cosmos\/wp-content\/images\/moto_prat_eina.jpg\" width=\"400\" border=\"0\" \/><\/p>\n<p>Fizrukas pritar\u0117 &quot;hrn hrn&quot; \u012ftraukimui \u012f kosmonaut\u0173 rengimo kurs\u0105<\/p>\n<p><img loading=\"lazy\" title=\"moto_prat_einafizrukas.jpg\" style=\"width: 300px; height: 451px\" height=\"451\" alt=\"moto_prat_einafizrukas.jpg\" hspace=\"5\" src=\"http:\/\/mad.lt\/cosmos\/wp-content\/images\/moto_prat_einafizrukas.jpg\" width=\"300\" border=\"0\" \/><\/p>\n<p>Gagarinas atlieka klasikin\u012f pratim\u0105 &quot;Kreg\u017edut\u0117&quot;<\/p>\n<p><img loading=\"lazy\" title=\"moto_prat_kregzdute.jpg\" style=\"width: 300px; height: 450px\" height=\"450\" alt=\"moto_prat_kregzdute.jpg\" hspace=\"5\" src=\"http:\/\/mad.lt\/cosmos\/wp-content\/images\/moto_prat_kregzdute.jpg\" width=\"300\" border=\"0\" \/><\/p>\n<p>Pratimas &quot;Ledas&quot;<\/p>\n<p><img loading=\"lazy\" title=\"moto_prat_ledas.jpg\" style=\"width: 300px; height: 450px\" height=\"450\" alt=\"moto_prat_ledas.jpg\" hspace=\"5\" src=\"http:\/\/mad.lt\/cosmos\/wp-content\/images\/moto_prat_ledas.jpg\" width=\"300\" border=\"0\" \/><\/p>\n<p>Ir \u017einoma finalinis pratimas &quot;Draugyst\u0117&quot;<\/p>\n<p><img loading=\"lazy\" title=\"moto_prat_draugyste.jpg\" style=\"width: 300px; height: 451px\" height=\"451\" alt=\"moto_prat_draugyste.jpg\" hspace=\"5\" src=\"http:\/\/mad.lt\/cosmos\/wp-content\/images\/moto_prat_draugyste.jpg\" width=\"300\" border=\"0\" \/><\/p>\n<p>Nepamir\u0161k reguliariai&nbsp;atlikti centrif\u016bg\u0105. Grei\u010diau grei\u010diau!<\/p>\n<p><img loading=\"lazy\" title=\"go2.gif\" style=\"width: 400px; height: 265px\" height=\"265\" alt=\"go2.gif\" hspace=\"5\" src=\"http:\/\/mad.lt\/cosmos\/wp-content\/images\/go2.gif\" width=\"400\" border=\"0\" \/><\/p>\n<p>Nesvarumo b\u016bkl\u0117je labai praver\u010dia vikr\u016bs koj\u0173 pir\u0161\u010diukai. Fizrukas pareng\u0117 pratim\u0173 cikl\u0105 kojoms:<\/p>\n<p><img loading=\"lazy\" title=\"beach_kojytes1.jpg\" style=\"width: 400px; height: 265px\" height=\"265\" alt=\"beach_kojytes1.jpg\" hspace=\"5\" src=\"http:\/\/mad.lt\/cosmos\/wp-content\/images\/beach_kojytes1.jpg\" width=\"400\" border=\"0\" \/><\/p>\n<p><img loading=\"lazy\" title=\"beach_kojytes2.jpg\" style=\"width: 400px; height: 265px\" height=\"265\" alt=\"beach_kojytes2.jpg\" hspace=\"5\" src=\"http:\/\/mad.lt\/cosmos\/wp-content\/images\/beach_kojytes2.jpg\" width=\"400\" border=\"0\" \/><\/p>\n<p><img loading=\"lazy\" title=\"beach_kojytes3.jpg\" style=\"width: 400px; height: 265px\" height=\"265\" alt=\"beach_kojytes3.jpg\" hspace=\"5\" src=\"http:\/\/mad.lt\/cosmos\/wp-content\/images\/beach_kojytes3.jpg\" width=\"400\" border=\"0\" \/><\/p>\n<p><img loading=\"lazy\" title=\"beach_kojytes4.jpg\" style=\"width: 400px; height: 265px\" height=\"265\" alt=\"beach_kojytes4.jpg\" hspace=\"5\" src=\"http:\/\/mad.lt\/cosmos\/wp-content\/images\/beach_kojytes4.jpg\" width=\"400\" border=\"0\" \/><\/p>\n<p>Du k\u016bno pratimai: Kold\u016bnas (atlieka kandidat\u0117 \u012f misijos kandidates Nikita) ir Varlyt\u0117 (atlieka misijos kandidat\u0117 E\u017eiukas)<\/p>\n<p><img loading=\"lazy\" title=\"mad(72).jpg\" style=\"width: 240px; height: 320px\" height=\"320\" alt=\"mad(72).jpg\" hspace=\"5\" src=\"http:\/\/mad.lt\/cosmos\/wp-content\/images\/mad(72).jpg\" width=\"240\" border=\"0\" \/><\/p>\n<p><img loading=\"lazy\" title=\"mad(71).jpg\" style=\"width: 320px; height: 240px\" height=\"240\" alt=\"mad(71).jpg\" hspace=\"5\" src=\"http:\/\/mad.lt\/cosmos\/wp-content\/images\/mad(71).jpg\" width=\"320\" border=\"0\" \/><\/p>\n<p>Kaman\u0117 atlieka esmin\u012f fizinio pasirengimo praaatim\u0105 &#8211; centrif\u016bga.<\/p>\n<p><img loading=\"lazy\" title=\"bzzz1.gif\" style=\"width: 400px; height: 265px\" height=\"265\" alt=\"bzzz1.gif\" hspace=\"5\" src=\"http:\/\/mad.lt\/cosmos\/wp-content\/images\/bzzz1.gif\" width=\"400\" border=\"0\" \/><\/p>\n<p>Fizrukas gr\u012f\u017e\u0119s i\u0161 seminaro &quot;bobsl\u0117jus&quot; Latvijoje demonstruoja naujai i\u0161mokt\u0105 pratim\u0105:<\/p>\n<p><img loading=\"lazy\" title=\"aac.jpg\" style=\"width: 400px; height: 266px\" height=\"266\" alt=\"aac.jpg\" hspace=\"5\" src=\"http:\/\/mad.lt\/cosmos\/wp-content\/images\/aac.jpg\" width=\"400\" border=\"0\" \/><\/p>\n<p>Sputnikas turi talent\u0105. Net ne kiekvienas kosmonautas taip sugeba. \u0160\u012f talent\u0105 reiks b\u016btinai i\u0161naudoti tolimosiose erdv\u0117se. Bet kurios planetos gyventojai krenta po kojom, i\u0161vyd\u0119 tok\u012f triuk\u0105.<\/p>\n<p><img loading=\"lazy\" title=\"aae.jpg\" style=\"width: 400px; height: 601px\" height=\"601\" alt=\"aae.jpg\" hspace=\"5\" src=\"http:\/\/mad.lt\/cosmos\/wp-content\/images\/aae.jpg\" width=\"400\" border=\"0\" \/><\/p>\n<p>Laikant lie\u017euv\u012f prie nosies galiuko ilgiau nei valand\u0105, i\u0161dygsta ragai. Talentingajam Sputnikui i\u0161augo net trys ragai ir dar vienas kalasi.<\/p>\n<p><img loading=\"lazy\" title=\"aaf.jpg\" style=\"width: 400px; height: 601px\" height=\"601\" alt=\"aaf.jpg\" hspace=\"5\" src=\"http:\/\/mad.lt\/cosmos\/wp-content\/images\/aaf.jpg\" width=\"400\" border=\"0\" \/><\/p>\n<p>Vostokas demonstruoja veido pratim\u0105 su daina: &quot;Suk suk suk lie\u017euv\u012f, suk \u012f vien\u0105 pus\u0119&quot;<\/p>\n<p><img loading=\"lazy\" title=\"aai.jpg\" style=\"width: 400px; height: 601px\" height=\"601\" alt=\"aai.jpg\" hspace=\"5\" src=\"http:\/\/mad.lt\/cosmos\/wp-content\/images\/aai.jpg\" width=\"400\" border=\"0\" \/><\/p>\n<p>Strielka treniruoja savo burn\u0105. REKORDAS REKORDAS!<\/p>\n<p><img loading=\"lazy\" title=\"aau.jpg\" style=\"width: 400px; height: 601px\" height=\"601\" alt=\"aau.jpg\" hspace=\"5\" src=\"http:\/\/mad.lt\/cosmos\/wp-content\/images\/aau.jpg\" width=\"400\" border=\"0\" \/><\/p>\n<p>Toliau visa eil\u0117 pratim\u0173 pir\u0161tams:<\/p>\n<p><img loading=\"lazy\" title=\"aak.jpg\" style=\"width: 400px; height: 601px\" height=\"601\" alt=\"aak.jpg\" hspace=\"5\" src=\"http:\/\/mad.lt\/cosmos\/wp-content\/images\/aak.jpg\" width=\"400\" border=\"0\" \/><\/p>\n<p><img loading=\"lazy\" title=\"aal.jpg\" style=\"width: 400px; height: 266px\" height=\"266\" alt=\"aal.jpg\" hspace=\"5\" src=\"http:\/\/mad.lt\/cosmos\/wp-content\/images\/aal.jpg\" width=\"400\" border=\"0\" \/><\/p>\n<p><img loading=\"lazy\" title=\"aam.jpg\" style=\"width: 400px; height: 266px\" height=\"266\" alt=\"aam.jpg\" hspace=\"5\" src=\"http:\/\/mad.lt\/cosmos\/wp-content\/images\/aam.jpg\" width=\"400\" border=\"0\" \/><\/p>\n<p><img loading=\"lazy\" title=\"aan.jpg\" style=\"width: 400px; height: 266px\" height=\"266\" alt=\"aan.jpg\" hspace=\"5\" src=\"http:\/\/mad.lt\/cosmos\/wp-content\/images\/aan.jpg\" width=\"400\" border=\"0\" \/><\/p>\n<p>Prie\u0161 i\u0161skrendant \u012f kosmos\u0105, reikia \u012fvaldyti k\u016bno kalb\u0105. <\/p>\n<p>Fizrukas demonstruoja&nbsp;pratim\u0105, treniruojant\u012f veido raumenis:<\/p>\n<p><img loading=\"lazy\" title=\"fizrukas_raukosi.jpg\" style=\"width: 300px; height: 454px\" height=\"454\" alt=\"fizrukas_raukosi.jpg\" hspace=\"5\" src=\"http:\/\/mad.lt\/cosmos\/wp-content\/images\/fizrukas_raukosi.jpg\" width=\"300\" border=\"0\" \/><\/p>\n<p>M\u016bs\u0173 pir\u0161tai \u0161neka u\u017e mus:<\/p>\n<p><img loading=\"lazy\" title=\"pirstai1.jpg\" style=\"width: 300px; height: 199px\" height=\"199\" alt=\"pirstai1.jpg\" hspace=\"5\" src=\"http:\/\/mad.lt\/cosmos\/wp-content\/images\/pirstai1.jpg\" width=\"300\" border=\"0\" \/>&#8211; LIADAS<\/p>\n<p><img loading=\"lazy\" title=\"pirstai2.jpg\" style=\"width: 300px; height: 454px\" height=\"454\" alt=\"pirstai2.jpg\" hspace=\"5\" src=\"http:\/\/mad.lt\/cosmos\/wp-content\/images\/pirstai2.jpg\" width=\"300\" border=\"0\" \/>&#8211; RRRRRR<\/p>\n<p><img loading=\"lazy\" title=\"pirstai3.jpg\" style=\"width: 300px; height: 454px\" height=\"454\" alt=\"pirstai3.jpg\" hspace=\"5\" src=\"http:\/\/mad.lt\/cosmos\/wp-content\/images\/pirstai3.jpg\" width=\"300\" border=\"0\" \/>&#8211; PUS\u0116 KISSO<\/p>\n<p>kosmonautas turi gerai valdyti savo kuna.&nbsp; tai ypac svarbu karjeros metu, tam kad suklaidinti ateivius arba nustebinti priesus. pateikiame keleta kosmonautu pratimu.<\/p>\n<p><img title=\"kvepavimo pratimai.jpg\" alt=\"kvepavimo pratimai.jpg\" hspace=\"5\" src=\"http:\/\/mad.lt\/cosmos\/wp-content\/images\/kvepavimo%20pratimai.jpg\" border=\"0\" \/><\/p>\n<p>Kosmonaut\u0173 fizrukas demonstruoja kaip atlikti \u0161it\u0105 pratim\u0105:<\/p>\n<p><img loading=\"lazy\" title=\"fizrukas_1.jpg\" style=\"width: 500px; height: 332px\" height=\"332\" alt=\"fizrukas_1.jpg\" hspace=\"5\" src=\"http:\/\/mad.lt\/cosmos\/wp-content\/images\/fizrukas_1.jpg\" width=\"500\" border=\"0\" \/><\/p>\n<p>pirmas ir vienas pagrindiniu &#8211; kvepavimo pratimas.&nbsp; <\/p>\n<p><img title=\"kuno bandymai 1.jpg\" alt=\"kuno bandymai 1.jpg\" hspace=\"5\" src=\"http:\/\/mad.lt\/cosmos\/wp-content\/images\/kuno%20bandymai%201.jpg\" border=\"0\" \/><\/p>\n<p>kitas pratimas &#8211; atvirkscias &#8211; nekvepavimo pratimas. uzsikimsti nosi nesvarumo busenoj be ranku gali tik labai patyre kosmonautai.<\/p>\n","protected":false},"excerpt":{"rendered":"<p>Bielka pasi\u016bl\u0117 nauj\u0105 pratim\u0105 &quot;hrn hrn&quot;, kur\u012f&nbsp;buvo&nbsp;mat\u0119s ekrane Fizrukas pritar\u0117 &quot;hrn hrn&quot; \u012ftraukimui \u012f kosmonaut\u0173 rengimo kurs\u0105 Gagarinas atlieka klasikin\u012f pratim\u0105 &quot;Kreg\u017edut\u0117&quot; Pratimas &quot;Ledas&quot; Ir \u017einoma finalinis pratimas &quot;Draugyst\u0117&quot; Nepamir\u0161k reguliariai&nbsp;atlikti centrif\u016bg\u0105. Grei\u010diau grei\u010diau! Nesvarumo b\u016bkl\u0117je labai praver\u010dia vikr\u016bs koj\u0173 pir\u0161\u010diukai. Fizrukas pareng\u0117 pratim\u0173 cikl\u0105 kojoms: Du k\u016bno pratimai: Kold\u016bnas (atlieka kandidat\u0117 \u012f misijos kandidates [&hellip;]<\/p>\n","protected":false},"author":2,"featured_media":0,"parent":0,"menu_order":0,"comment_status":"open","ping_status":"closed","template":"","meta":[],"_links":{"self":[{"href":"http:\/\/mad.lt\/cosmos\/index.php?rest_route=\/wp\/v2\/pages\/37"}],"collection":[{"href":"http:\/\/mad.lt\/cosmos\/index.php?rest_route=\/wp\/v2\/pages"}],"about":[{"href":"http:\/\/mad.lt\/cosmos\/index.php?rest_route=\/wp\/v2\/types\/page"}],"author":[{"embeddable":true,"href":"http:\/\/mad.lt\/cosmos\/index.php?rest_route=\/wp\/v2\/users\/2"}],"replies":[{"embeddable":true,"href":"http:\/\/mad.lt\/cosmos\/index.php?rest_route=%2Fwp%2Fv2%2Fcomments&post=37"}],"version-history":[{"count":0,"href":"http:\/\/mad.lt\/cosmos\/index.php?rest_route=\/wp\/v2\/pages\/37\/revisions"}],"wp:attachment":[{"href":"http:\/\/mad.lt\/cosmos\/index.php?rest_route=%2Fwp%2Fv2%2Fmedia&parent=37"}],"curies":[{"name":"wp","href":"https:\/\/api.w.org\/{rel}","templated":true}]}}