{"id":43,"date":"2005-06-14T14:01:16","date_gmt":"2005-06-14T11:01:16","guid":{"rendered":"http:\/\/mad.lt\/cosmos\/?page_id=43"},"modified":"2005-06-14T14:01:16","modified_gmt":"2005-06-14T11:01:16","slug":"kosmonautai-bendrauja-su-starsais","status":"publish","type":"page","link":"http:\/\/mad.lt\/cosmos\/?page_id=43","title":{"rendered":"Kosmonautai bendrauja su starsais"},"content":{"rendered":"<p>Tik parskridus i\u0161 Kijevo Laura apsilank\u0117 elitiniam vakar\u0117lyje Cozyje, kur tuo metu lank\u0117si kosmonautai. Kosmonautai labai d\u017eiaug\u0117si. <\/p>\n<p>Laura prad\u017eioje buvo labai kukli. Sant\u016briai s\u0117d\u0117jo ir visiems pla\u010diai \u0161ypsojosi.<\/p>\n<p><img loading=\"lazy\" title=\"abm.jpg\" style=\"width: 400px; height: 601px\" height=\"601\" alt=\"abm.jpg\" hspace=\"5\" src=\"http:\/\/mad.lt\/cosmos\/wp-content\/images\/abm.jpg\" width=\"400\" border=\"0\" \/><\/p>\n<p>Kosmonautai nusprend\u0117 atlikti eksperiment\u0105. Pra\u0161om stebuklingas g\u0117rimas. <\/p>\n<p><img loading=\"lazy\" title=\"abk_1.jpg\" style=\"width: 400px; height: 601px\" height=\"601\" alt=\"abk_1.jpg\" hspace=\"5\" src=\"http:\/\/mad.lt\/cosmos\/wp-content\/images\/abk_1.jpg\" width=\"400\" border=\"0\" \/><\/p>\n<p>Vyksta chemin\u0117 reakcija. Ugnis, d\u016bmai, fejerverkai. Ir pra\u0161om, kokia transformacija.<\/p>\n<p><img loading=\"lazy\" title=\"abo.jpg\" style=\"width: 400px; height: 266px\" height=\"266\" alt=\"abo.jpg\" hspace=\"5\" src=\"http:\/\/mad.lt\/cosmos\/wp-content\/images\/abo.jpg\" width=\"400\" border=\"0\" \/><\/p>\n<p>Laura kur kas dr\u0105sesn\u0117.<\/p>\n","protected":false},"excerpt":{"rendered":"<p>Tik parskridus i\u0161 Kijevo Laura apsilank\u0117 elitiniam vakar\u0117lyje Cozyje, kur tuo metu lank\u0117si kosmonautai. Kosmonautai labai d\u017eiaug\u0117si. Laura prad\u017eioje buvo labai kukli. Sant\u016briai s\u0117d\u0117jo ir visiems pla\u010diai \u0161ypsojosi. Kosmonautai nusprend\u0117 atlikti eksperiment\u0105. Pra\u0161om stebuklingas g\u0117rimas. Vyksta chemin\u0117 reakcija. Ugnis, d\u016bmai, fejerverkai. Ir pra\u0161om, kokia transformacija. Laura kur kas dr\u0105sesn\u0117.<\/p>\n","protected":false},"author":2,"featured_media":0,"parent":0,"menu_order":0,"comment_status":"open","ping_status":"","template":"","meta":[],"_links":{"self":[{"href":"http:\/\/mad.lt\/cosmos\/index.php?rest_route=\/wp\/v2\/pages\/43"}],"collection":[{"href":"http:\/\/mad.lt\/cosmos\/index.php?rest_route=\/wp\/v2\/pages"}],"about":[{"href":"http:\/\/mad.lt\/cosmos\/index.php?rest_route=\/wp\/v2\/types\/page"}],"author":[{"embeddable":true,"href":"http:\/\/mad.lt\/cosmos\/index.php?rest_route=\/wp\/v2\/users\/2"}],"replies":[{"embeddable":true,"href":"http:\/\/mad.lt\/cosmos\/index.php?rest_route=%2Fwp%2Fv2%2Fcomments&post=43"}],"version-history":[{"count":0,"href":"http:\/\/mad.lt\/cosmos\/index.php?rest_route=\/wp\/v2\/pages\/43\/revisions"}],"wp:attachment":[{"href":"http:\/\/mad.lt\/cosmos\/index.php?rest_route=%2Fwp%2Fv2%2Fmedia&parent=43"}],"curies":[{"name":"wp","href":"https:\/\/api.w.org\/{rel}","templated":true}]}}