{"id":47,"date":"2005-06-20T18:38:54","date_gmt":"2005-06-20T15:38:54","guid":{"rendered":"http:\/\/mad.lt\/cosmos\/?page_id=47"},"modified":"2005-06-20T18:50:16","modified_gmt":"2005-06-20T15:50:16","slug":"kulverstukas-mazas","status":"publish","type":"page","link":"http:\/\/mad.lt\/cosmos\/?page_id=47","title":{"rendered":"Kulverstukas ma\u017eas!"},"content":{"rendered":"<p>Siekdami i\u0161siai\u0161kinti teorin\u0119 ties\u0105 ir paneigti sklandan\u010dius gandus apie tai, kad Kulverstukas &#8211; 2 metr\u0173 \u016bgio pabaisa (atseit krokodilas Gena &#8211; tai 6 metr\u0173 ilgio aligatorius o Kulverstukas didesnis uz ekskavatoriaus padang\u0105 &#8211; gand\u0173 autorius Doozgle), kosmonautai atliko tyrim\u0105.<\/p>\n<p>Taigi. Kulverstukas palygintas su kompresoriumi:<\/p>\n<p><img loading=\"lazy\" title=\"kulverstukas2.jpg\" style=\"width: 320px; height: 240px\" height=\"240\" alt=\"kulverstukas2.jpg\" hspace=\"5\" src=\"http:\/\/mad.lt\/cosmos\/wp-content\/images\/kulverstukas2.jpg\" width=\"320\" border=\"0\" \/><\/p>\n<p>Kulverstukas palygintas su mokyklini\u0173 uniform\u0173 parduotuv\u0117s darbuotoju:<\/p>\n<p><img loading=\"lazy\" title=\"kulverstukas3.jpg\" style=\"width: 320px; height: 240px\" height=\"240\" alt=\"kulverstukas3.jpg\" hspace=\"5\" src=\"http:\/\/mad.lt\/cosmos\/wp-content\/images\/kulverstukas3.jpg\" width=\"320\" border=\"0\" \/><\/p>\n<p>Kulverstukas ir akordeonas:<\/p>\n<p><img loading=\"lazy\" title=\"kulverstukas4.jpg\" style=\"width: 320px; height: 240px\" height=\"240\" alt=\"kulverstukas4.jpg\" hspace=\"5\" src=\"http:\/\/mad.lt\/cosmos\/wp-content\/images\/kulverstukas4.jpg\" width=\"320\" border=\"0\" \/><\/p>\n<p>&nbsp;<\/p>\n<p>Taigi, galima daryti i\u0161vad\u0105, jog kulverstukas yra ma\u017edaug 50cm \u016bgio. Jis tikrai ne gigantas.<\/p>\n","protected":false},"excerpt":{"rendered":"<p>Siekdami i\u0161siai\u0161kinti teorin\u0119 ties\u0105 ir paneigti sklandan\u010dius gandus apie tai, kad Kulverstukas &#8211; 2 metr\u0173 \u016bgio pabaisa (atseit krokodilas Gena &#8211; tai 6 metr\u0173 ilgio aligatorius o Kulverstukas didesnis uz ekskavatoriaus padang\u0105 &#8211; gand\u0173 autorius Doozgle), kosmonautai atliko tyrim\u0105. Taigi. Kulverstukas palygintas su kompresoriumi: Kulverstukas palygintas su mokyklini\u0173 uniform\u0173 parduotuv\u0117s darbuotoju: Kulverstukas ir akordeonas: &nbsp; [&hellip;]<\/p>\n","protected":false},"author":1,"featured_media":0,"parent":0,"menu_order":0,"comment_status":"open","ping_status":"closed","template":"","meta":[],"_links":{"self":[{"href":"http:\/\/mad.lt\/cosmos\/index.php?rest_route=\/wp\/v2\/pages\/47"}],"collection":[{"href":"http:\/\/mad.lt\/cosmos\/index.php?rest_route=\/wp\/v2\/pages"}],"about":[{"href":"http:\/\/mad.lt\/cosmos\/index.php?rest_route=\/wp\/v2\/types\/page"}],"author":[{"embeddable":true,"href":"http:\/\/mad.lt\/cosmos\/index.php?rest_route=\/wp\/v2\/users\/1"}],"replies":[{"embeddable":true,"href":"http:\/\/mad.lt\/cosmos\/index.php?rest_route=%2Fwp%2Fv2%2Fcomments&post=47"}],"version-history":[{"count":0,"href":"http:\/\/mad.lt\/cosmos\/index.php?rest_route=\/wp\/v2\/pages\/47\/revisions"}],"wp:attachment":[{"href":"http:\/\/mad.lt\/cosmos\/index.php?rest_route=%2Fwp%2Fv2%2Fmedia&parent=47"}],"curies":[{"name":"wp","href":"https:\/\/api.w.org\/{rel}","templated":true}]}}