{"id":50,"date":"2005-07-10T17:13:56","date_gmt":"2005-07-10T14:13:56","guid":{"rendered":"http:\/\/mad.lt\/cosmos\/?page_id=50"},"modified":"2005-07-10T17:35:45","modified_gmt":"2005-07-10T14:35:45","slug":"kosmin%c4%97-tragedija-misija-l%c4%97kst%c4%97","status":"publish","type":"page","link":"http:\/\/mad.lt\/cosmos\/?page_id=50","title":{"rendered":"Kosmin\u0117 tragedija (misija l\u0117k\u0161t\u0117)"},"content":{"rendered":"<p>Kosmonautams ramiai bestovyklaujant,&nbsp;gautas prane\u0161imas, kad \u012f \u017eem\u0119 (<span style=\"font-size: small\"><strong>N 54&deg; 45.147 E 025&deg; 18.651) <\/strong><\/span>leid\u017eiasi pavojingas neatpa\u017e\u012fstamas skraidantis objektas. Kosmonautai i\u0161skuba gelb\u0117ti pasaulio. Misijai vadovauja kosmonautas Bielka.<\/p>\n<p>Iki neatpa\u017e\u012fstamo objekto nusileidomo liko 5 min.<\/p>\n<p><img loading=\"lazy\" title=\"abt.gif\" style=\"width: 400px; height: 265px\" height=\"265\" alt=\"abt.gif\" hspace=\"5\" src=\"http:\/\/mad.lt\/cosmos\/wp-content\/images\/abt.gif\" width=\"400\" border=\"0\" \/><\/p>\n<p>Kosmonautas Bielka i\u0161rykiuoja visus stovyklautojus:<\/p>\n<p><img loading=\"lazy\" title=\"abl.gif\" style=\"width: 400px; height: 265px\" height=\"265\" alt=\"abl.gif\" hspace=\"5\" src=\"http:\/\/mad.lt\/cosmos\/wp-content\/images\/abl.gif\" width=\"400\" border=\"0\" \/><\/p>\n<p>Kosmonautai&nbsp;dr\u0105siai laukia: <\/p>\n<p><img loading=\"lazy\" title=\"abp.gif\" style=\"width: 400px; height: 265px\" height=\"265\" alt=\"abp.gif\" hspace=\"5\" src=\"http:\/\/mad.lt\/cosmos\/wp-content\/images\/abp.gif\" width=\"400\" border=\"0\" \/><\/p>\n<p>JIS atskrenda!<\/p>\n<p><img loading=\"lazy\" title=\"atsk.gif\" style=\"width: 400px; height: 265px\" height=\"265\" alt=\"atsk.gif\" hspace=\"5\" src=\"http:\/\/mad.lt\/cosmos\/wp-content\/images\/atsk.gif\" width=\"400\" border=\"0\" \/><\/p>\n<p>Neatpa\u017eintas objektas nusileid\u017eia tiesiai misijos kandidatui E\u017eiukui ant galvos. Objektas nukenksmintas. <\/p>\n<p><img loading=\"lazy\" title=\"abs.gif\" style=\"width: 400px; height: 265px\" height=\"265\" alt=\"abs.gif\" hspace=\"5\" src=\"http:\/\/mad.lt\/cosmos\/wp-content\/images\/abs.gif\" width=\"400\" border=\"0\" \/><\/p>\n<p>Misija \u012fvykdyta! Koks patenkintas misijos vadovas&nbsp;kosmonautas Bielka&#8230;.<\/p>\n<p><img loading=\"lazy\" title=\"chi.gif\" style=\"width: 404px; height: 657px\" height=\"657\" alt=\"chi.gif\" hspace=\"5\" src=\"http:\/\/mad.lt\/cosmos\/wp-content\/images\/chi.gif\" width=\"404\" border=\"0\" \/><\/p>\n","protected":false},"excerpt":{"rendered":"<p>Kosmonautams ramiai bestovyklaujant,&nbsp;gautas prane\u0161imas, kad \u012f \u017eem\u0119 (N 54&deg; 45.147 E 025&deg; 18.651) leid\u017eiasi pavojingas neatpa\u017e\u012fstamas skraidantis objektas. Kosmonautai i\u0161skuba gelb\u0117ti pasaulio. Misijai vadovauja kosmonautas Bielka. Iki neatpa\u017e\u012fstamo objekto nusileidomo liko 5 min. Kosmonautas Bielka i\u0161rykiuoja visus stovyklautojus: Kosmonautai&nbsp;dr\u0105siai laukia: JIS atskrenda! Neatpa\u017eintas objektas nusileid\u017eia tiesiai misijos kandidatui E\u017eiukui ant galvos. Objektas nukenksmintas. Misija \u012fvykdyta! [&hellip;]<\/p>\n","protected":false},"author":2,"featured_media":0,"parent":0,"menu_order":0,"comment_status":"open","ping_status":"closed","template":"","meta":[],"_links":{"self":[{"href":"http:\/\/mad.lt\/cosmos\/index.php?rest_route=\/wp\/v2\/pages\/50"}],"collection":[{"href":"http:\/\/mad.lt\/cosmos\/index.php?rest_route=\/wp\/v2\/pages"}],"about":[{"href":"http:\/\/mad.lt\/cosmos\/index.php?rest_route=\/wp\/v2\/types\/page"}],"author":[{"embeddable":true,"href":"http:\/\/mad.lt\/cosmos\/index.php?rest_route=\/wp\/v2\/users\/2"}],"replies":[{"embeddable":true,"href":"http:\/\/mad.lt\/cosmos\/index.php?rest_route=%2Fwp%2Fv2%2Fcomments&post=50"}],"version-history":[{"count":0,"href":"http:\/\/mad.lt\/cosmos\/index.php?rest_route=\/wp\/v2\/pages\/50\/revisions"}],"wp:attachment":[{"href":"http:\/\/mad.lt\/cosmos\/index.php?rest_route=%2Fwp%2Fv2%2Fmedia&parent=50"}],"curies":[{"name":"wp","href":"https:\/\/api.w.org\/{rel}","templated":true}]}}