{"id":52,"date":"2005-07-10T18:37:29","date_gmt":"2005-07-10T15:37:29","guid":{"rendered":"http:\/\/mad.lt\/cosmos\/?page_id=52"},"modified":"2005-07-10T22:38:11","modified_gmt":"2005-07-10T19:38:11","slug":"stovyklautoj%c5%b3-pramogos","status":"publish","type":"page","link":"http:\/\/mad.lt\/cosmos\/?page_id=52","title":{"rendered":"Stovyklautoj\u0173 treniruot\u0117s"},"content":{"rendered":"<p>Norint pasiekti nesvarumo b\u016bsen\u0105 kosmose reikia aktyviai treniruotis. Vienas paprastesni\u0173 b\u016bd\u0173 to i\u0161mokti yra auk\u0161tai i\u0161sisupti supyn\u0117se. <\/p>\n<p>Kosmonautai patrauk\u0117 prie treniruo\u010di\u0173 \u012frenginio, ta\u010diau pirmasis ten nuskub\u0117jo&nbsp;Robotas Verteris. Vienas sau&nbsp;suposi ant&nbsp;supyni\u0173, niekam nedav\u0117 ir gudriai \u0161ypsojo.<\/p>\n<p><img loading=\"lazy\" title=\"aby.jpg\" style=\"width: 266px; height: 400px\" height=\"400\" alt=\"aby.jpg\" hspace=\"5\" src=\"http:\/\/mad.lt\/cosmos\/wp-content\/images\/aby.jpg\" width=\"266\" border=\"0\" \/><\/p>\n<p>Nuli\u016bd\u0119 kosmonautai patrauk\u0117 ie\u0161koti kito \u012frenginio. Vidury mi\u0161ko buvo aptikta pana\u0161ios paskirties rank\u0173 darbo &quot;tarzank\u0117&quot;.<\/p>\n<p>Fizrukas tikrina tarzank\u0117s patvarum\u0105:<\/p>\n<p><img loading=\"lazy\" title=\"aci.jpg\" style=\"width: 266px; height: 400px\" height=\"400\" alt=\"aci.jpg\" hspace=\"5\" src=\"http:\/\/mad.lt\/cosmos\/wp-content\/images\/aci.jpg\" width=\"266\" border=\"0\" \/><\/p>\n<p>Strielkai suptis nebaisu:<\/p>\n<p><img loading=\"lazy\" title=\"acd.jpg\" style=\"width: 266px; height: 400px\" height=\"400\" alt=\"acd.jpg\" hspace=\"5\" src=\"http:\/\/mad.lt\/cosmos\/wp-content\/images\/acd.jpg\" width=\"266\" border=\"0\" \/><\/p>\n<p>Bet kosmonaut\u0173 draug\u0117 Nikita net prisimerkusi i\u0161 baim\u0117s.<\/p>\n<p><img loading=\"lazy\" title=\"acf.jpg\" style=\"width: 266px; height: 400px\" height=\"400\" alt=\"acf.jpg\" hspace=\"5\" src=\"http:\/\/mad.lt\/cosmos\/wp-content\/images\/acf.jpg\" width=\"266\" border=\"0\" \/><\/p>\n<p>Bijo ir Kaman\u0117:<\/p>\n<p><img loading=\"lazy\" title=\"acm.jpg\" style=\"width: 400px; height: 265px\" height=\"265\" alt=\"acm.jpg\" hspace=\"5\" src=\"http:\/\/mad.lt\/cosmos\/wp-content\/images\/acm.jpg\" width=\"400\" border=\"0\" \/><\/p>\n<p>Kosmonautas Bielka bando padaryti 360 laipsni\u0173 apsisukim\u0105:<\/p>\n<p><img loading=\"lazy\" title=\"acp.jpg\" style=\"width: 400px; height: 265px\" height=\"265\" alt=\"acp.jpg\" hspace=\"5\" src=\"http:\/\/mad.lt\/cosmos\/wp-content\/images\/acp.jpg\" width=\"400\" border=\"0\" \/><\/p>\n<p>Kosmonaut\u0173 draugas Taikonautas visi\u0161kai susivyniojo:<\/p>\n<p><img loading=\"lazy\" title=\"acv.jpg\" style=\"width: 400px; height: 265px\" height=\"265\" alt=\"acv.jpg\" hspace=\"5\" src=\"http:\/\/mad.lt\/cosmos\/wp-content\/images\/acv.jpg\" width=\"400\" border=\"0\" \/><\/p>\n<p>Robotui Verteriui net \u0161irdel\u0119 u\u017e\u0117m\u0117 pama\u010dius kaip kosmonautai supasi.<\/p>\n<p><img loading=\"lazy\" title=\"ack.jpg\" style=\"width: 400px; height: 265px\" height=\"265\" alt=\"ack.jpg\" hspace=\"5\" src=\"http:\/\/mad.lt\/cosmos\/wp-content\/images\/ack.jpg\" width=\"400\" border=\"0\" \/><\/p>\n<p>&quot;Tu gali!&quot;, &#8211; dr\u0105sino E\u017eiukas.<\/p>\n<p><img loading=\"lazy\" title=\"ach.jpg\" style=\"width: 266px; height: 400px\" height=\"400\" alt=\"ach.jpg\" hspace=\"5\" src=\"http:\/\/mad.lt\/cosmos\/wp-content\/images\/ach.jpg\" width=\"266\" border=\"0\" \/><\/p>\n<p>E\u017eiuko padr\u0105sintas, jis ry\u017eosi <\/p>\n<p><img loading=\"lazy\" title=\"acz.jpg\" style=\"width: 266px; height: 400px\" height=\"400\" alt=\"acz.jpg\" hspace=\"5\" src=\"http:\/\/mad.lt\/cosmos\/wp-content\/images\/acz.jpg\" width=\"266\" border=\"0\" \/><\/p>\n","protected":false},"excerpt":{"rendered":"<p>Norint pasiekti nesvarumo b\u016bsen\u0105 kosmose reikia aktyviai treniruotis. Vienas paprastesni\u0173 b\u016bd\u0173 to i\u0161mokti yra auk\u0161tai i\u0161sisupti supyn\u0117se. Kosmonautai patrauk\u0117 prie treniruo\u010di\u0173 \u012frenginio, ta\u010diau pirmasis ten nuskub\u0117jo&nbsp;Robotas Verteris. Vienas sau&nbsp;suposi ant&nbsp;supyni\u0173, niekam nedav\u0117 ir gudriai \u0161ypsojo. Nuli\u016bd\u0119 kosmonautai patrauk\u0117 ie\u0161koti kito \u012frenginio. Vidury mi\u0161ko buvo aptikta pana\u0161ios paskirties rank\u0173 darbo &quot;tarzank\u0117&quot;. Fizrukas tikrina tarzank\u0117s patvarum\u0105: Strielkai [&hellip;]<\/p>\n","protected":false},"author":2,"featured_media":0,"parent":0,"menu_order":0,"comment_status":"open","ping_status":"closed","template":"","meta":[],"_links":{"self":[{"href":"http:\/\/mad.lt\/cosmos\/index.php?rest_route=\/wp\/v2\/pages\/52"}],"collection":[{"href":"http:\/\/mad.lt\/cosmos\/index.php?rest_route=\/wp\/v2\/pages"}],"about":[{"href":"http:\/\/mad.lt\/cosmos\/index.php?rest_route=\/wp\/v2\/types\/page"}],"author":[{"embeddable":true,"href":"http:\/\/mad.lt\/cosmos\/index.php?rest_route=\/wp\/v2\/users\/2"}],"replies":[{"embeddable":true,"href":"http:\/\/mad.lt\/cosmos\/index.php?rest_route=%2Fwp%2Fv2%2Fcomments&post=52"}],"version-history":[{"count":0,"href":"http:\/\/mad.lt\/cosmos\/index.php?rest_route=\/wp\/v2\/pages\/52\/revisions"}],"wp:attachment":[{"href":"http:\/\/mad.lt\/cosmos\/index.php?rest_route=%2Fwp%2Fv2%2Fmedia&parent=52"}],"curies":[{"name":"wp","href":"https:\/\/api.w.org\/{rel}","templated":true}]}}