{"id":65,"date":"2005-09-07T10:28:04","date_gmt":"2005-09-07T07:28:04","guid":{"rendered":"http:\/\/mad.lt\/cosmos\/?page_id=65"},"modified":"2005-09-07T10:37:06","modified_gmt":"2005-09-07T07:37:06","slug":"65","status":"publish","type":"page","link":"http:\/\/mad.lt\/cosmos\/?page_id=65","title":{"rendered":"MISIJA: 10 bar\u0173 po 1 alaus"},"content":{"rendered":"<p>TAIGI.<\/p>\n<p>Kosmonautai \u0117m\u0117 ir sureng\u0117 netik\u0117t\u0105 misij\u0105. Neb\u016bt\u0173 \u0117m\u0119 &#8211; neb\u016bt\u0173 sureng\u0119.<\/p>\n<p><strong>Dalyviai: <\/strong>Gagarinas, Fizrukas, Bielka<\/p>\n<p><strong>Epizoduose: <\/strong>padav\u0117jos, bom\u017eas, Kaman\u0117, Aist\u0117,&nbsp;Valda, Lina, Marta, And\u017eelika, Jon\u0117, italas, nery\u0161kus bi\u010das, Kristianas, g\u0117jai, praeiviai, Bu\u010delis, Ritut\u0117, Mi, saldi porel\u0117 ir kiti.<\/p>\n<p><strong>MISIJA: <font color=\"#990066\">10 bar\u0173 po 1 alaus<\/font><\/strong><\/p>\n<p><font color=\"#dd0000\" size=\"5\">1 SOLERO<\/font><\/p>\n<p><font color=\"#000000\">Viskas prasid\u0117jo <strong>SOLERO. <\/strong>Kosmonautams Gagarinui ir Fizrukui <em>pa\u0117mus<\/em> po alaus. <\/font><\/p>\n<p>kaman\u0117 visk\u0105 mate.<\/p>\n<p><img loading=\"lazy\" title=\"10b03.jpg\" style=\"width: 600px; height: 398px\" height=\"398\" alt=\"10b03.jpg\" hspace=\"5\" src=\"http:\/\/mad.lt\/cosmos\/wp-content\/images\/10b03.jpg\" width=\"600\" border=\"0\" \/><\/p>\n<p><font color=\"#dd0000\" size=\"5\">2&nbsp;COZY<\/font><\/p>\n<p>Kosmonaut\u0173 drauge Aist\u0117 misijos dalyvius sutiko \u012fprastoje vietoje. \u010cia susikristalizavo <strong>ID\u0116JA.<\/strong> Prisijung\u0117 t\u016blas kosmonautas Bielka ir <strong>PRASID\u0116JO.<\/strong><\/p>\n<p><img loading=\"lazy\" title=\"10b05.jpg\" style=\"width: 600px; height: 398px\" height=\"398\" alt=\"10b05.jpg\" hspace=\"5\" src=\"http:\/\/mad.lt\/cosmos\/wp-content\/images\/10b05.jpg\" width=\"600\" border=\"0\" \/><\/p>\n<p>Gagarinas <em>i\u0161plaukia<\/em> i\u0161 Cozy&#8230;<\/p>\n<p><img loading=\"lazy\" title=\"10b06.jpg\" style=\"width: 600px; height: 398px\" height=\"398\" alt=\"10b06.jpg\" hspace=\"5\" src=\"http:\/\/mad.lt\/cosmos\/wp-content\/images\/10b06.jpg\" width=\"600\" border=\"0\" \/><\/p>\n<p>Next stop:<\/p>\n<p><font color=\"#dd0000\" size=\"5\">3&nbsp;AMATININKAI<\/font><\/p>\n<p>\u010cia kosmonautus pasitiko padav\u0117ja Lina (nuotraukoj ne ji) kuri <em>dav\u0117<\/em> kosmonautams. I\u0161gerti eilin\u012f <strong><em>ma\u017e\u0105 alaus<\/em><\/strong>.<\/p>\n<p><img loading=\"lazy\" title=\"10b07.jpg\" style=\"width: 600px; height: 398px\" height=\"398\" alt=\"10b07.jpg\" hspace=\"5\" src=\"http:\/\/mad.lt\/cosmos\/wp-content\/images\/10b07.jpg\" width=\"600\" border=\"0\" \/><\/p>\n<p>Nuotrauka atmin\u010diai ir&#8230; toliau.<\/p>\n<p><img loading=\"lazy\" title=\"10b08.jpg\" style=\"width: 600px; height: 398px\" height=\"398\" alt=\"10b08.jpg\" hspace=\"5\" src=\"http:\/\/mad.lt\/cosmos\/wp-content\/images\/10b08.jpg\" width=\"600\" border=\"0\" \/><\/p>\n<p><font color=\"#dd0000\" size=\"5\">4&nbsp;\u0160MC<\/font><\/p>\n<p>\u010cia kaip visada \u012fdomi publika, daug \u017emoni\u0173 d\u016bm\u0173 alaus ir <strong>meno<\/strong>. <\/p>\n<p><img loading=\"lazy\" title=\"10b09.jpg\" style=\"width: 600px; height: 398px\" height=\"398\" alt=\"10b09.jpg\" hspace=\"5\" src=\"http:\/\/mad.lt\/cosmos\/wp-content\/images\/10b09.jpg\" width=\"600\" border=\"0\" \/><\/p>\n<p><em>U\u017emezg\u0117m ry\u0161\u012f<\/em> su supan\u010dia aplinka.<\/p>\n<p><img loading=\"lazy\" title=\"10b10.jpg\" style=\"width: 600px; height: 398px\" height=\"398\" alt=\"10b10.jpg\" hspace=\"5\" src=\"http:\/\/mad.lt\/cosmos\/wp-content\/images\/10b10.jpg\" width=\"600\" border=\"0\" \/><\/p>\n<p>\u010cia Jon\u0117 ir jos draugas i\u0161 Italijos. Mes juos <em>pa\u017eym\u0117jom.<\/em> Geras b\u016bdas &#8211; <em>pa\u017eym\u0117ti<\/em> gerus \u017emones. <\/p>\n<p><img loading=\"lazy\" title=\"10b11.jpg\" style=\"width: 600px; height: 398px\" height=\"398\" alt=\"10b11.jpg\" hspace=\"5\" src=\"http:\/\/mad.lt\/cosmos\/wp-content\/images\/10b11.jpg\" width=\"600\" border=\"0\" \/><\/p>\n<p>Eiliniai <strong>trys ma\u017ei&#8230;<\/strong><\/p>\n<p><img loading=\"lazy\" title=\"10b12.jpg\" style=\"width: 600px; height: 398px\" height=\"398\" alt=\"10b12.jpg\" hspace=\"5\" src=\"http:\/\/mad.lt\/cosmos\/wp-content\/images\/10b12.jpg\" width=\"600\" border=\"0\" \/><\/p>\n<p>Fizrukas rado <em>susiliejus\u012f draug\u0105<\/em> <\/p>\n<p><img loading=\"lazy\" title=\"10b13.jpg\" style=\"width: 600px; height: 398px\" height=\"398\" alt=\"10b13.jpg\" hspace=\"5\" src=\"http:\/\/mad.lt\/cosmos\/wp-content\/images\/10b13.jpg\" width=\"600\" border=\"0\" \/><\/p>\n<p><em>Sukasi ratu mano meil\u0117s laivas <\/em>ir mes toliau \u012f tras\u0105<\/p>\n<p><img loading=\"lazy\" title=\"10b14.jpg\" style=\"width: 600px; height: 398px\" height=\"398\" alt=\"10b14.jpg\" hspace=\"5\" src=\"http:\/\/mad.lt\/cosmos\/wp-content\/images\/10b14.jpg\" width=\"600\" border=\"0\" \/><\/p>\n<p>Praeiviai jau liejasi bet mes <em>pasikavojam<\/em>. Nes sugalvojom kad reikia eiti <strong>PAP\u0172<\/strong>. <\/p>\n<p><img loading=\"lazy\" title=\"10b15.jpg\" style=\"width: 600px; height: 398px\" height=\"398\" alt=\"10b15.jpg\" hspace=\"5\" src=\"http:\/\/mad.lt\/cosmos\/wp-content\/images\/10b15.jpg\" width=\"600\" border=\"0\" \/><\/p>\n<p>Mintis apie <strong>PAPUS<\/strong> prad\u017eiugina. Su\u0161okam <em>krakoviak\u0105<\/em> ir paskubom link<strong> PAP\u0172!<\/strong><\/p>\n<p><img loading=\"lazy\" title=\"10b16.jpg\" style=\"width: 398px; height: 600px\" height=\"600\" alt=\"10b16.jpg\" hspace=\"5\" src=\"http:\/\/mad.lt\/cosmos\/wp-content\/images\/10b16.jpg\" width=\"398\" border=\"0\" \/><\/p>\n<p><font style=\"background-color: #99ccff\" color=\"#dd0000\" size=\"5\">xxx&nbsp;2 mergos &#8211; 4 PAPAI xxx<\/font><\/p>\n<p>DEJA, n\u0117ra k\u0105 parodyti. Bet PAPAI buvo.<\/p>\n<p>\u0116jom toliau. Sutikom bom\u017e\u0105 prie kurio stov\u0117jo eil\u0117 norin\u010di\u0173 j\u012f nufotografuoti. Nufotografavom.<\/p>\n<p><img loading=\"lazy\" title=\"10b17.jpg\" style=\"width: 600px; height: 398px\" height=\"398\" alt=\"10b17.jpg\" hspace=\"5\" src=\"http:\/\/mad.lt\/cosmos\/wp-content\/images\/10b17.jpg\" width=\"600\" border=\"0\" \/><\/p>\n<p><font color=\"#dd0000\" size=\"5\">5&nbsp;VYNIN\u0116 (buv. SOHO)<\/font><\/p>\n<p>Sutiko mus \u017evaki\u0173 \u0161viesa ir daug pa\u017e\u012fstam\u0173.<\/p>\n<p><img loading=\"lazy\" title=\"10b18.jpg\" style=\"width: 398px; height: 600px\" height=\"600\" alt=\"10b18.jpg\" hspace=\"5\" src=\"http:\/\/mad.lt\/cosmos\/wp-content\/images\/10b18.jpg\" width=\"398\" border=\"0\" \/><\/p>\n<p>Bu\u010delis nor\u0117jo duoti \u012f snuk\u012f bet nedav\u0117.<\/p>\n<p><img loading=\"lazy\" title=\"10b19.jpg\" style=\"width: 600px; height: 398px\" height=\"398\" alt=\"10b19.jpg\" hspace=\"5\" src=\"http:\/\/mad.lt\/cosmos\/wp-content\/images\/10b19.jpg\" width=\"600\" border=\"0\" \/><\/p>\n<p>Padav\u0117ja labai \u0161ypsojo ir buvo labai gera. Gaila vardo neprisimenu.<\/p>\n<p><img loading=\"lazy\" title=\"10b20.jpg\" style=\"width: 600px; height: 398px\" height=\"398\" alt=\"10b20.jpg\" hspace=\"5\" src=\"http:\/\/mad.lt\/cosmos\/wp-content\/images\/10b20.jpg\" width=\"600\" border=\"0\" \/><\/p>\n<p>Dvi lempos kaip <em>\u017eenklas<\/em>.<\/p>\n<p><img loading=\"lazy\" title=\"10b21.jpg\" style=\"width: 600px; height: 398px\" height=\"398\" alt=\"10b21.jpg\" hspace=\"5\" src=\"http:\/\/mad.lt\/cosmos\/wp-content\/images\/10b21.jpg\" width=\"600\" border=\"0\" \/><\/p>\n<p>Padav\u0117jos irgi atlieka <strong>i\u0161pa\u017eint\u012f<\/strong>.<\/p>\n<p><img loading=\"lazy\" title=\"10b22.jpg\" style=\"width: 398px; height: 600px\" height=\"600\" alt=\"10b22.jpg\" hspace=\"5\" src=\"http:\/\/mad.lt\/cosmos\/wp-content\/images\/10b22.jpg\" width=\"398\" border=\"0\" \/><\/p>\n<p>Pro stikl\u0105 su\u0161m\u0117\u017eavo <strong>DRAUGAI<\/strong>. Aplank\u0117m.<\/p>\n<p><img loading=\"lazy\" title=\"10b23.jpg\" style=\"width: 600px; height: 398px\" height=\"398\" alt=\"10b23.jpg\" hspace=\"5\" src=\"http:\/\/mad.lt\/cosmos\/wp-content\/images\/10b23.jpg\" width=\"600\" border=\"0\" \/><\/p>\n<p><strong>SUPRATOM KAD VIDURKELIS. ART\u0116JO JI:<\/strong><\/p>\n<p><img loading=\"lazy\" title=\"10b24.jpg\" style=\"width: 600px; height: 398px\" height=\"398\" alt=\"10b24.jpg\" hspace=\"5\" src=\"http:\/\/mad.lt\/cosmos\/wp-content\/images\/10b24.jpg\" width=\"600\" border=\"0\" \/><\/p>\n<p><font color=\"#dd0000\" size=\"5\">6&nbsp;CAFE de PARIS<\/font><\/p>\n<p>V\u0117l eiliniai <strong>TRYS<\/strong> ir fotosesija.<\/p>\n<p><img loading=\"lazy\" title=\"10b25.jpg\" style=\"width: 398px; height: 600px\" height=\"600\" alt=\"10b25.jpg\" hspace=\"5\" src=\"http:\/\/mad.lt\/cosmos\/wp-content\/images\/10b25.jpg\" width=\"398\" border=\"0\" \/><\/p>\n<p>Apsitarnavom patys.<\/p>\n<p><img loading=\"lazy\" title=\"10b26.jpg\" style=\"width: 600px; height: 398px\" height=\"398\" alt=\"10b26.jpg\" hspace=\"5\" src=\"http:\/\/mad.lt\/cosmos\/wp-content\/images\/10b26.jpg\" width=\"600\" border=\"0\" \/><img loading=\"lazy\" title=\"10b27.jpg\" style=\"width: 600px; height: 398px\" height=\"398\" alt=\"10b27.jpg\" hspace=\"5\" src=\"http:\/\/mad.lt\/cosmos\/wp-content\/images\/10b27.jpg\" width=\"600\" border=\"0\" \/><\/p>\n<p>Sustojom prie <strong>SIENOS<\/strong>. Po to \u0117jom toliau. Nes i\u0161alkom.<\/p>\n<p><img loading=\"lazy\" title=\"10b28.jpg\" style=\"width: 600px; height: 398px\" height=\"398\" alt=\"10b28.jpg\" hspace=\"5\" src=\"http:\/\/mad.lt\/cosmos\/wp-content\/images\/10b28.jpg\" width=\"600\" border=\"0\" \/><\/p>\n<p>Pakeliui sutikom <strong>JUOS<\/strong>. Nufotografavom.<\/p>\n<p><img loading=\"lazy\" title=\"10b29.jpg\" style=\"width: 398px; height: 600px\" height=\"600\" alt=\"10b29.jpg\" hspace=\"5\" src=\"http:\/\/mad.lt\/cosmos\/wp-content\/images\/10b29.jpg\" width=\"398\" border=\"0\" \/><\/p>\n<p><font color=\"#dd0000\" size=\"5\">7&nbsp;\u010cILI<\/font><\/p>\n<p>Keista vieta &#8211; 2 val. nakties <strong>EIL\u0116<\/strong> prie maisto. Skaitom laikra\u0161\u010dius.<\/p>\n<p><img loading=\"lazy\" title=\"10b30.jpg\" style=\"width: 398px; height: 600px\" height=\"600\" alt=\"10b30.jpg\" hspace=\"5\" src=\"http:\/\/mad.lt\/cosmos\/wp-content\/images\/10b30.jpg\" width=\"398\" border=\"0\" \/><\/p>\n<p>Netik\u0117tai sutinkam <strong>MART\u0104<\/strong> su drauge ir Minolta. U\u017emezgam kosmin\u012f kontakt\u0105.<\/p>\n<p><img loading=\"lazy\" title=\"10b31.jpg\" style=\"width: 398px; height: 600px\" height=\"600\" alt=\"10b31.jpg\" hspace=\"5\" src=\"http:\/\/mad.lt\/cosmos\/wp-content\/images\/10b31.jpg\" width=\"398\" border=\"0\" \/><\/p>\n<p><em>Pasipicinam,<\/em>&nbsp;aptariam rezultatus ir eiliniai <strong>trys&#8230;<\/strong><\/p>\n<p><img loading=\"lazy\" title=\"10b32.jpg\" style=\"width: 600px; height: 398px\" height=\"398\" alt=\"10b32.jpg\" hspace=\"5\" src=\"http:\/\/mad.lt\/cosmos\/wp-content\/images\/10b32.jpg\" width=\"600\" border=\"0\" \/><img loading=\"lazy\" title=\"10b33.jpg\" style=\"width: 398px; height: 600px\" height=\"600\" alt=\"10b33.jpg\" hspace=\"5\" src=\"http:\/\/mad.lt\/cosmos\/wp-content\/images\/10b33.jpg\" width=\"398\" border=\"0\" \/><\/p>\n<p><font color=\"#dd0000\" size=\"5\">8&nbsp;SOLA LUNA<\/font><\/p>\n<p>Mus sutinka Kristianas, supranta m\u016bs\u0173 pad\u0117t\u012f ir gera lietuvi\u0173 kalba visk\u0105 mums paai\u0161kina. Akys raibsta. Gagarinas pradeda <em>VYNIOTIS<\/em>. Nat\u016bralu &#8211; Gagarinai tiek nepakelia. <\/p>\n<p><img loading=\"lazy\" title=\"10b34.jpg\" style=\"width: 600px; height: 398px\" height=\"398\" alt=\"10b34.jpg\" hspace=\"5\" src=\"http:\/\/mad.lt\/cosmos\/wp-content\/images\/10b34.jpg\" width=\"600\" border=\"0\" \/><\/p>\n<p>Sutinkam Vald\u0105, kuri jau 50 minu\u010di\u0173 laukia Taxi. Padiskutuojam apie gyvenimo prasm\u0119&#8230;<\/p>\n<p><img loading=\"lazy\" title=\"10b35.jpg\" style=\"width: 600px; height: 398px\" height=\"398\" alt=\"10b35.jpg\" hspace=\"5\" src=\"http:\/\/mad.lt\/cosmos\/wp-content\/images\/10b35.jpg\" width=\"600\" border=\"0\" \/><\/p>\n<p>Nusifotografuojam.<\/p>\n<p><img loading=\"lazy\" title=\"10b36.jpg\" style=\"width: 600px; height: 398px\" height=\"398\" alt=\"10b36.jpg\" hspace=\"5\" src=\"http:\/\/mad.lt\/cosmos\/wp-content\/images\/10b36.jpg\" width=\"600\" border=\"0\" \/><\/p>\n<p>Einam <strong>\u012e PABAIG\u0104&#8230;<\/strong> Vaizdas liejasi, \u017emoni\u0173 siluetai irgi.<\/p>\n<p><img loading=\"lazy\" title=\"10b37.jpg\" style=\"width: 398px; height: 600px\" height=\"600\" alt=\"10b37.jpg\" hspace=\"5\" src=\"http:\/\/mad.lt\/cosmos\/wp-content\/images\/10b37.jpg\" width=\"398\" border=\"0\" \/><\/p>\n<p><font color=\"#dd0000\" size=\"5\">9&nbsp;PUB&#8217;as<\/font><\/p>\n<p>U\u017elieja <strong>MENAS<\/strong>. Gagarinas gulasi ant k\u0117d\u0117s.. Porel\u0117 prie\u0161ais sald\u017eiai \u010diulba&#8230;<\/p>\n<p><img loading=\"lazy\" title=\"10b38.jpg\" style=\"width: 600px; height: 398px\" height=\"398\" alt=\"10b38.jpg\" hspace=\"5\" src=\"http:\/\/mad.lt\/cosmos\/wp-content\/images\/10b38.jpg\" width=\"600\" border=\"0\" \/><\/p>\n<p>Ir \u010dia, otkuda nivozmis&#8217;, pojavilsia&#8230; Jo. <em>Mes per silpni.<strong> Mums dar tobul\u0117ti&#8230;<\/strong><\/em> <\/p>\n<p><img loading=\"lazy\" title=\"10b40.jpg\" style=\"width: 398px; height: 600px\" height=\"600\" alt=\"10b40.jpg\" hspace=\"5\" src=\"http:\/\/mad.lt\/cosmos\/wp-content\/images\/10b40.jpg\" width=\"398\" border=\"0\" \/><\/p>\n<p>&nbsp;<\/p>\n<p><font color=\"#dd0000\" size=\"5\">BET KOSMONAUTAI STIPR\u00c5\u00aaS &#8211; MES DAR NUGAL\u0116SIM! <\/font><\/p>\n<p><strong>&nbsp;<\/strong><\/p>\n","protected":false},"excerpt":{"rendered":"<p>TAIGI. Kosmonautai \u0117m\u0117 ir sureng\u0117 netik\u0117t\u0105 misij\u0105. Neb\u016bt\u0173 \u0117m\u0119 &#8211; neb\u016bt\u0173 sureng\u0119. Dalyviai: Gagarinas, Fizrukas, Bielka Epizoduose: padav\u0117jos, bom\u017eas, Kaman\u0117, Aist\u0117,&nbsp;Valda, Lina, Marta, And\u017eelika, Jon\u0117, italas, nery\u0161kus bi\u010das, Kristianas, g\u0117jai, praeiviai, Bu\u010delis, Ritut\u0117, Mi, saldi porel\u0117 ir kiti. MISIJA: 10 bar\u0173 po 1 alaus 1 SOLERO Viskas prasid\u0117jo SOLERO. Kosmonautams Gagarinui ir Fizrukui pa\u0117mus po [&hellip;]<\/p>\n","protected":false},"author":1,"featured_media":0,"parent":0,"menu_order":0,"comment_status":"open","ping_status":"closed","template":"","meta":[],"_links":{"self":[{"href":"http:\/\/mad.lt\/cosmos\/index.php?rest_route=\/wp\/v2\/pages\/65"}],"collection":[{"href":"http:\/\/mad.lt\/cosmos\/index.php?rest_route=\/wp\/v2\/pages"}],"about":[{"href":"http:\/\/mad.lt\/cosmos\/index.php?rest_route=\/wp\/v2\/types\/page"}],"author":[{"embeddable":true,"href":"http:\/\/mad.lt\/cosmos\/index.php?rest_route=\/wp\/v2\/users\/1"}],"replies":[{"embeddable":true,"href":"http:\/\/mad.lt\/cosmos\/index.php?rest_route=%2Fwp%2Fv2%2Fcomments&post=65"}],"version-history":[{"count":0,"href":"http:\/\/mad.lt\/cosmos\/index.php?rest_route=\/wp\/v2\/pages\/65\/revisions"}],"wp:attachment":[{"href":"http:\/\/mad.lt\/cosmos\/index.php?rest_route=%2Fwp%2Fv2%2Fmedia&parent=65"}],"curies":[{"name":"wp","href":"https:\/\/api.w.org\/{rel}","templated":true}]}}